{"id":4070,"date":"2025-04-01T15:19:36","date_gmt":"2025-04-01T13:19:36","guid":{"rendered":"https:\/\/lezigno.org\/heureuses-coincidences\/s16-2025\/"},"modified":"2026-01-22T10:26:03","modified_gmt":"2026-01-22T09:26:03","slug":"s16-2025","status":"publish","type":"page","link":"https:\/\/lezigno.org\/en\/heureuses-coincidences\/s16-2025\/","title":{"rendered":"S16 (2025)"},"content":{"rendered":"<p>[et_pb_section fb_built=&#8221;1&#8243; admin_label=&#8221;Hero&#8221; _builder_version=&#8221;4.20.2&#8243; background_color=&#8221;#D9E506&#8243; background_image=&#8221;\/wp-content\/uploads\/2023\/03\/LEZIGNO-background-patternbis.png&#8221; custom_padding=&#8221;67px|0px|67.1875px|0px|false|false&#8221; animation_style=&#8221;zoom&#8221; animation_intensity_zoom=&#8221;4%&#8221; collapsed=&#8221;off&#8221; global_colors_info=&#8221;{}&#8221;][et_pb_row _builder_version=&#8221;4.20.2&#8243; max_width=&#8221;80%&#8221; custom_padding=&#8221;|||&#8221; animation_style=&#8221;slide&#8221; animation_direction=&#8221;top&#8221; animation_intensity_slide=&#8221;3%&#8221; collapsed=&#8221;off&#8221; global_colors_info=&#8221;{}&#8221;][et_pb_column type=&#8221;4_4&#8243; _builder_version=&#8221;4.16&#8243; custom_padding=&#8221;|||&#8221; global_colors_info=&#8221;{}&#8221; custom_padding__hover=&#8221;|||&#8221;][et_pb_text admin_label=&#8221;Texte&#8221; _builder_version=&#8221;4.27.5&#8243; _dynamic_attributes=&#8221;content&#8221; text_font=&#8221;Montserrat||||||||&#8221; header_font=&#8221;Montserrat|700||on|||||&#8221; header_text_color=&#8221;#f7f7f7&#8243; header_font_size=&#8221;60px&#8221; header_line_height=&#8221;1.3em&#8221; custom_margin=&#8221;|||&#8221; animation_style=&#8221;fade&#8221; header_font_size_last_edited=&#8221;off|desktop&#8221; custom_css_before=&#8221;content:&#8221;;||position:absolute;||left:0;||bottom:0;||height:6px;||width:60px;||background:#fff;&#8221; locked=&#8221;off&#8221; global_colors_info=&#8221;{}&#8221;]@ET-DC@eyJkeW5hbWljIjp0cnVlLCJjb250ZW50IjoicG9zdF90aXRsZSIsInNldHRpbmdzIjp7ImJlZm9yZSI6IjxoMT4iLCJhZnRlciI6IiJ9fQ==@[\/et_pb_text][\/et_pb_column][\/et_pb_row][\/et_pb_section][et_pb_section fb_built=&#8221;1&#8243; admin_label=&#8221;Section en-t\u00eate&#8221; _builder_version=&#8221;4.16&#8243; custom_margin=&#8221;|||&#8221; custom_padding=&#8221;110px||30px|&#8221; collapsed=&#8221;off&#8221; global_colors_info=&#8221;{}&#8221;][et_pb_row column_structure=&#8221;1_3,1_3,1_3&#8243; admin_label=&#8221;Header&#8221; _builder_version=&#8221;4.20.2&#8243; max_width=&#8221;80%&#8221; animation_style=&#8221;fade&#8221; global_colors_info=&#8221;{}&#8221;][et_pb_column type=&#8221;1_3&#8243; _builder_version=&#8221;4.16&#8243; custom_padding=&#8221;|||&#8221; global_colors_info=&#8221;{}&#8221; custom_padding__hover=&#8221;|||&#8221;][et_pb_text admin_label=&#8221;Colloque&#8221; _builder_version=&#8221;4.27.4&#8243; text_font=&#8221;Montserrat||||&#8221; text_text_color=&#8221;#353740&#8243; text_font_size=&#8221;18px&#8221; header_font=&#8221;||||||||&#8221; header_2_font=&#8221;|700|||||||&#8221; header_2_text_color=&#8221;#D9E506&#8243; header_2_font_size=&#8221;22px&#8221; header_4_font=&#8221;Montserrat|700|||||||&#8221; header_4_text_color=&#8221;#D9E506&#8243; header_4_font_size=&#8221;22px&#8221; custom_margin=&#8221;||60px|&#8221; animation_style=&#8221;fade&#8221; locked=&#8221;off&#8221; global_colors_info=&#8221;{}&#8221;]<\/p>\n<h2>Conference<\/h2>\n<p>&#8220;Two is better than one&#8221;<\/p>\n<p>[\/et_pb_text][et_pb_image src=&#8221;https:\/\/lezigno.org\/wp-content\/uploads\/2025\/04\/HC16-visuel.jpg&#8221; alt=&#8221;Save the date!&#8221; title_text=&#8221;S16 picture&#8221; url=&#8221;https:\/\/lezigno.org\/wp-content\/uploads\/2025\/06\/Livret-complet-HC16.pdf&#8221; force_fullwidth=&#8221;on&#8221; _builder_version=&#8221;4.27.4&#8243; _module_preset=&#8221;default&#8221; global_colors_info=&#8221;{}&#8221;][\/et_pb_image][\/et_pb_column][et_pb_column type=&#8221;1_3&#8243; _builder_version=&#8221;4.16&#8243; custom_padding=&#8221;|||&#8221; global_colors_info=&#8221;{}&#8221; custom_padding__hover=&#8221;|||&#8221;][et_pb_text admin_label=&#8221;Programme&#8221; _builder_version=&#8221;4.27.4&#8243; text_font=&#8221;Montserrat||||&#8221; text_text_color=&#8221;#857D14&#8243; text_font_size=&#8221;18px&#8221; text_line_height=&#8221;1em&#8221; header_font=&#8221;||||||||&#8221; header_text_color=&#8221;#D9E506&#8243; header_2_font=&#8221;Montserrat|700|||||||&#8221; header_2_text_color=&#8221;#D9E506&#8243; header_2_font_size=&#8221;22px&#8221; header_4_font=&#8221;Montserrat|700|||||||&#8221; header_4_text_color=&#8221;#D9E506&#8243; header_4_font_size=&#8221;22px&#8221; custom_margin=&#8221;||60px|&#8221; animation_style=&#8221;fade&#8221; locked=&#8221;off&#8221; global_colors_info=&#8221;{}&#8221;]<\/p>\n<h2>Speakers:<\/h2>\n<p><span style=\"color: #333333; font-size: 18px;\">Xavier Arnold<\/span><\/p>\n<p><span style=\"color: #333333;\">Christophe Aubertin<\/span>\u00a0<\/p>\n<p><span style=\"color: #333333;\">Erwan Bouroullec<\/span>\u00a0<\/p>\n<p><span style=\"color: #333333;\">Louis Bousquet<\/span>\u00a0<\/p>\n<p><span style=\"color: #333333;\">P\u00e8re Yannick Casajus<\/span>\u00a0<\/p>\n<p><span style=\"color: #333333;\">H\u00e9l\u00e8ne Foglar<\/span>\u00a0<\/p>\n<p><span style=\"color: #333333;\">Suzanne Fritscher<\/span>\u00a0<\/p>\n<p><span style=\"color: #333333;\">Michel Hardoin<\/span>\u00a0<\/p>\n<p><span style=\"color: #333333;\">Aur\u00e9lie Husson<\/span>\u00a0<\/p>\n<p><span style=\"color: #333333;\">Maxime Lis<\/span>\u00a0<\/p>\n<p><span style=\"color: #333333;\">Fr\u00e9d\u00e9ric Perissat<\/span>\u00a0<\/p>\n<p><span style=\"color: #333333;\">Rudy Ricciotti<\/span>\u00a0<\/p>\n<p><span style=\"color: #333333;\">Lina Singer<\/span>\u00a0<\/p>\n<p><span style=\"color: #333333;\">Jean-Yves Soetinck<\/span>\u00a0<\/p>\n<p><span style=\"color: #333333;\">Cyril Tretout<\/span>\u00a0<\/p>\n<p><span style=\"color: #333333;\">Charlotte Vuarnesson<\/span><span style=\"font-size: 18px;\">\u00a0<\/span><\/p>\n<p><span dir=\"ltr\" style=\"color: #333333;\">Mich\u00e8le Laru\u00eb-Charlus\u00a0<\/span><span style=\"color: #333333;\"><em><span class=\"ui-provider gr b c d e f g h i j k l m n o p q r s t u v w x y z ab ac ae af ag ah ai aj ak\" dir=\"ltr\">(Coordinator and moderator)<\/span><\/em><\/span><\/p>\n<p>[\/et_pb_text][\/et_pb_column][et_pb_column type=&#8221;1_3&#8243; _builder_version=&#8221;4.27.4&#8243; _module_preset=&#8221;default&#8221; global_colors_info=&#8221;{}&#8221;][et_pb_text admin_label=&#8221;Programme&#8221; _builder_version=&#8221;4.27.4&#8243; text_font=&#8221;Montserrat||||&#8221; text_text_color=&#8221;#857D14&#8243; text_font_size=&#8221;18px&#8221; text_line_height=&#8221;1em&#8221; header_font=&#8221;||||||||&#8221; header_text_color=&#8221;#D9E506&#8243; header_2_font=&#8221;Montserrat|700|||||||&#8221; header_2_text_color=&#8221;#D9E506&#8243; header_2_font_size=&#8221;22px&#8221; header_4_font=&#8221;Montserrat|700|||||||&#8221; header_4_text_color=&#8221;#D9E506&#8243; header_4_font_size=&#8221;22px&#8221; custom_margin=&#8221;||60px|&#8221; animation_style=&#8221;fade&#8221; locked=&#8221;off&#8221; global_colors_info=&#8221;{}&#8221;]<\/p>\n<h2>Program&#8230;<\/h2>\n<p><strong>Thursday 12th june<\/strong>:<\/p>\n<p>20h &#8211; Opening evening (B\u00e9ziers)<\/p>\n<p><strong>Friday 13th june<\/strong>:<\/p>\n<p><span style=\"font-size: 18px;\">Conference (9.am-6.pm) + Evening party &amp; Art exhibition (L\u00e9zigno, B\u00e9ziers)<\/span><\/p>\n<p><strong>Saturday 14th june<\/strong>:<\/p>\n<p><span style=\"font-size: 18px;\">11.am-16.pm &#8211; Brunch &amp; strolls (B\u00e9ziers)<\/span><\/p>\n<p>[\/et_pb_text][et_pb_text admin_label=&#8221;Artiste&#8221; _builder_version=&#8221;4.27.4&#8243; text_font=&#8221;Montserrat||||&#8221; text_text_color=&#8221;#857D14&#8243; text_font_size=&#8221;18px&#8221; header_font=&#8221;||||||||&#8221; header_text_color=&#8221;#D9E506&#8243; header_2_font=&#8221;Montserrat|700|||||||&#8221; header_2_text_color=&#8221;#D9E506&#8243; header_2_font_size=&#8221;22px&#8221; header_4_font=&#8221;Montserrat|700|||||||&#8221; header_4_text_color=&#8221;#D9E506&#8243; header_4_font_size=&#8221;22px&#8221; custom_margin=&#8221;||60px|&#8221; animation_style=&#8221;fade&#8221; locked=&#8221;off&#8221; global_colors_info=&#8221;{}&#8221;]<\/p>\n<h2>Guest artist<\/h2>\n<p><strong style=\"font-size: 18px;\">Diane Guyot de Saint Michel, <\/strong><em style=\"font-size: 18px;\"><strong>TRANSLATE<\/strong><\/em><span style=\"font-size: 18px;\"> in conversation with H\u00e9l\u00e8ne Audiffren, curator of the exhibition<\/span><\/p>\n<p>[\/et_pb_text][\/et_pb_column][\/et_pb_row][et_pb_row _builder_version=&#8221;4.27.4&#8243; _module_preset=&#8221;default&#8221; min_height=&#8221;597.2px&#8221; global_colors_info=&#8221;{}&#8221;][et_pb_column type=&#8221;4_4&#8243; _builder_version=&#8221;4.27.4&#8243; _module_preset=&#8221;default&#8221; global_colors_info=&#8221;{}&#8221;][ba_image_carousel content_alignment=&#8221;center&#8221; autoplay_speed=&#8221;5000ms&#8221; slide_count=&#8221;2&#8243; nav_height=&#8221;48px&#8221; nav_width=&#8221;48px&#8221; nav_color=&#8221;#ffffff&#8221; nav_bg=&#8221;#3979ff&#8221; icon_left=&#8221;&#xf104;||fa||900&#8243; icon_right=&#8221;&#xf105;||fa||900&#8243; _builder_version=&#8221;4.27.4&#8243; _module_preset=&#8221;default&#8221; global_colors_info=&#8221;{}&#8221;][ba_image_carousel_child photo=&#8221;https:\/\/lezigno.org\/wp-content\/uploads\/2025\/06\/Carroussel-Croquis-Diane_PRETRE-RUDY-LEZIGNO2_Page_04-1.jpg&#8221; _builder_version=&#8221;4.27.4&#8243; _module_preset=&#8221;default&#8221; global_colors_info=&#8221;{}&#8221;][\/ba_image_carousel_child][ba_image_carousel_child photo=&#8221;https:\/\/lezigno.org\/wp-content\/uploads\/2025\/06\/Carroussel-Croquis-Diane_PRETRE-RUDY-LEZIGNO2_Page_02-1.jpg&#8221; _builder_version=&#8221;4.27.4&#8243; _module_preset=&#8221;default&#8221; global_colors_info=&#8221;{}&#8221;][\/ba_image_carousel_child][ba_image_carousel_child photo=&#8221;https:\/\/lezigno.org\/wp-content\/uploads\/2025\/06\/Carroussel-Croquis-Diane_PRETRE-RUDY-LEZIGNO2_Page_01-1.jpg&#8221; _builder_version=&#8221;4.27.4&#8243; _module_preset=&#8221;default&#8221; global_colors_info=&#8221;{}&#8221;][\/ba_image_carousel_child][ba_image_carousel_child photo=&#8221;https:\/\/lezigno.org\/wp-content\/uploads\/2025\/06\/Carrousel-Croquis-Diane_PRETRE-RUDY-LEZIGNO2_Page_08-1.jpg&#8221; _builder_version=&#8221;4.27.4&#8243; _module_preset=&#8221;default&#8221; global_colors_info=&#8221;{}&#8221;][\/ba_image_carousel_child][ba_image_carousel_child photo=&#8221;https:\/\/lezigno.org\/wp-content\/uploads\/2025\/06\/Carrousel-Croquis-Diane_PRETRE-RUDY-LEZIGNO2_Page_03-1.jpg&#8221; _builder_version=&#8221;4.27.4&#8243; _module_preset=&#8221;default&#8221; global_colors_info=&#8221;{}&#8221;][\/ba_image_carousel_child][ba_image_carousel_child photo=&#8221;https:\/\/lezigno.org\/wp-content\/uploads\/2025\/06\/Carroussel-Croquis-Diane_PRETRE-RUDY-LEZIGNO2_Page_10-1.jpg&#8221; _builder_version=&#8221;4.27.4&#8243; _module_preset=&#8221;default&#8221; global_colors_info=&#8221;{}&#8221;][\/ba_image_carousel_child][ba_image_carousel_child photo=&#8221;https:\/\/lezigno.org\/wp-content\/uploads\/2025\/06\/Carroussel-Croquis-Diane_PRETRE-RUDY-LEZIGNO2_Page_09-1.jpg&#8221; _builder_version=&#8221;4.27.4&#8243; _module_preset=&#8221;default&#8221; global_colors_info=&#8221;{}&#8221;][\/ba_image_carousel_child][ba_image_carousel_child photo=&#8221;https:\/\/lezigno.org\/wp-content\/uploads\/2025\/06\/Carroussel-Croquis-Diane_PRETRE-RUDY-LEZIGNO2_Page_07-1.jpg&#8221; _builder_version=&#8221;4.27.4&#8243; _module_preset=&#8221;default&#8221; global_colors_info=&#8221;{}&#8221;][\/ba_image_carousel_child][ba_image_carousel_child photo=&#8221;https:\/\/lezigno.org\/wp-content\/uploads\/2025\/06\/Carroussel-Croquis-Diane_PRETRE-RUDY-LEZIGNO2_Page_06-1.jpg&#8221; _builder_version=&#8221;4.27.4&#8243; _module_preset=&#8221;default&#8221; global_colors_info=&#8221;{}&#8221;][\/ba_image_carousel_child][ba_image_carousel_child photo=&#8221;https:\/\/lezigno.org\/wp-content\/uploads\/2025\/06\/Carroussel-Croquis-Diane_PRETRE-RUDY-LEZIGNO2_Page_05-1.jpg&#8221; _builder_version=&#8221;4.27.4&#8243; _module_preset=&#8221;default&#8221; global_colors_info=&#8221;{}&#8221;][\/ba_image_carousel_child][\/ba_image_carousel][et_pb_text _builder_version=&#8221;4.27.4&#8243; _module_preset=&#8221;default&#8221; global_colors_info=&#8221;{}&#8221;]<\/p>\n<p>Sketches by Diane Guyot De Saint Michel, guest artist at HC16. Created during the \u201cTwo is better than one\u201d symposium during the \u201cEloge de la Foi\u201d debate with Father Yannick Casajus (archpriest) and Rudy Ricciotti (architect), moderated by Mich\u00e8le Lar\u00fce-Charlus.<\/p>\n<p>[\/et_pb_text][\/et_pb_column][\/et_pb_row][\/et_pb_section][et_pb_section fb_built=&#8221;1&#8243; _builder_version=&#8221;4.27.4&#8243; _module_preset=&#8221;default&#8221; custom_padding=&#8221;||0px|||&#8221; global_colors_info=&#8221;{}&#8221;][et_pb_row column_structure=&#8221;1_2,1_2&#8243; use_custom_gutter=&#8221;on&#8221; gutter_width=&#8221;1&#8243; admin_label=&#8221;artist&#8221; module_class=&#8221; et_pb_row_fullwidth&#8221; _builder_version=&#8221;4.27.4&#8243; width=&#8221;100%&#8221; width_tablet=&#8221;100%&#8221; width_phone=&#8221;100%&#8221; width_last_edited=&#8221;on|desktop&#8221; max_width=&#8221;100%&#8221; max_width_tablet=&#8221;100%&#8221; max_width_phone=&#8221;100%&#8221; max_width_last_edited=&#8221;on|desktop&#8221; custom_margin=&#8221;|auto|59px|auto||&#8221; custom_padding=&#8221;0px|||&#8221; make_fullwidth=&#8221;on&#8221; global_colors_info=&#8221;{}&#8221;][et_pb_column type=&#8221;1_2&#8243; _builder_version=&#8221;4.16&#8243; custom_padding=&#8221;200px|10%||10%&#8221; global_colors_info=&#8221;{}&#8221; custom_padding__hover=&#8221;|||&#8221;][et_pb_text admin_label=&#8221;Nom de l&#8217;oeuvre&#8221; _builder_version=&#8221;4.20.4&#8243; text_font=&#8221;Montserrat||||||||&#8221; text_text_color=&#8221;#747d88&#8243; text_font_size=&#8221;16px&#8221; text_line_height=&#8221;1.9em&#8221; header_font=&#8221;||||||||&#8221; header_text_align=&#8221;left&#8221; header_2_font=&#8221;Montserrat|700||on|||||&#8221; header_2_font_size=&#8221;42px&#8221; header_2_line_height=&#8221;1.3em&#8221; max_width=&#8221;700px&#8221; module_alignment=&#8221;left&#8221; custom_margin=&#8221;||30px|&#8221; animation_style=&#8221;slide&#8221; animation_direction=&#8221;bottom&#8221; animation_intensity_slide=&#8221;4%&#8221; locked=&#8221;off&#8221; global_colors_info=&#8221;{}&#8221;]<\/p>\n<h2>EXHIBITION <em>Translate<\/em><\/h2>\n<p>[\/et_pb_text][et_pb_text admin_label=&#8221;Nom artiste&#8221; _builder_version=&#8221;4.27.4&#8243; text_font=&#8221;Montserrat||||||||&#8221; text_text_color=&#8221;#747d88&#8243; text_font_size=&#8221;16px&#8221; text_line_height=&#8221;1.9em&#8221; header_font=&#8221;||||||||&#8221; header_text_align=&#8221;left&#8221; header_2_font=&#8221;Montserrat|700||on|||||&#8221; header_2_font_size=&#8221;42px&#8221; header_2_line_height=&#8221;1.3em&#8221; max_width=&#8221;700px&#8221; module_alignment=&#8221;left&#8221; custom_margin=&#8221;||30px|&#8221; animation_style=&#8221;slide&#8221; animation_direction=&#8221;bottom&#8221; animation_intensity_slide=&#8221;4%&#8221; locked=&#8221;off&#8221; global_colors_info=&#8221;{}&#8221;]<\/p>\n<h4>Diane Guyot De Saint-Michel<\/h4>\n<p>[\/et_pb_text][et_pb_text _builder_version=&#8221;4.27.4&#8243; _module_preset=&#8221;default&#8221; global_colors_info=&#8221;{}&#8221;]<\/p>\n<p>\u201c[&#8230;] The mouth, the tongue, the movement of air, and the rhythm of words\u2014all of this is oral expression. And the right word is not to translate but to interpret. And I work on that shift, when spoken language becomes written language. [&#8230;]\u201d<\/p>\n<p><span style=\"font-size: 14px;\">Diane Guyot is one of those artists for whom drawing and language play an essential role. She received her artistic training first at the \u00c9cole Nationale Sup\u00e9rieure d&#8217;Arts in Cergy and then at the \u00c9cole des Arts D\u00e9coratifs in Paris.<\/span><\/p>\n<p>Attracted from an early age to places of learning or transit, she exhibited at Cork International Airport during the \u201cTerminal Convention\u201d symposium, commissioned by Peter Gorschl\u00fcter, deputy director of the MMK Frankfurt, and at Chelsea Space at the College of Art and Design in London for \u201cIdeal Home.\u201d In Marseille, she signed the 1% artistic extension of the Timone Health Campus and more daring performance projects, despite being in the heart of the European Hospital &#8211; Ambroise Par\u00e9 Foundation. In 2023, as the featured artist for the 10th anniversary of the Salon du Dessin Par\u00e9idolie, she published a collection<br \/>of drawings made in critical care, emergency, and Covid-dedicated intensive care units; a chronicle of a space where all users are underrepresented.<\/p>\n<p>Moving from one institution to another, but always on the spot, she drew and wrote in the extraordinary courtroom of the Marseille Judicial Court during the trial for the collapse of the buildings on Rue d&#8217;Aubagne.<\/p>\n<p>&nbsp;<\/p>\n<p>&nbsp;<\/p>\n<p>&nbsp;<\/p>\n<p>[\/et_pb_text][et_pb_button button_url=&#8221;@ET-DC@eyJkeW5hbWljIjp0cnVlLCJjb250ZW50IjoicG9zdF9saW5rX3VybF9wYWdlIiwic2V0dGluZ3MiOnsicG9zdF9pZCI6IjM4NTkifX0=@&#8221; button_text=&#8221;Interview with the artist&#8221; button_alignment=&#8221;center&#8221; _builder_version=&#8221;4.27.4&#8243; _dynamic_attributes=&#8221;button_url&#8221; _module_preset=&#8221;default&#8221; custom_button=&#8221;on&#8221; button_text_color=&#8221;#FFFFFF&#8221; button_bg_color=&#8221;#D9E506&#8243; button_border_color=&#8221;RGBA(255,255,255,0)&#8221; global_colors_info=&#8221;{}&#8221; button_text__hover_enabled=&#8221;off|desktop&#8221; button_bg_color__hover_enabled=&#8221;on|hover&#8221; button_bg_color__hover=&#8221;#857D14&#8243; button_bg_enable_color__hover=&#8221;on&#8221;][\/et_pb_button][\/et_pb_column][et_pb_column type=&#8221;1_2&#8243; _builder_version=&#8221;4.16&#8243; custom_padding=&#8221;0px|||&#8221; global_colors_info=&#8221;{}&#8221; custom_padding__hover=&#8221;|||&#8221;][et_pb_image src=&#8221;https:\/\/lezigno.org\/wp-content\/uploads\/2025\/06\/Diane-Guyot-Expo-1.jpg&#8221; alt=&#8221;association lezigno serendipity&#8221; title_text=&#8221;Diane-Guyot&#8212;Exhibit&#8221; align_tablet=&#8221;center&#8221; align_phone=&#8221;center&#8221; align_last_edited=&#8221;on|desktop&#8221; _builder_version=&#8221;4.27.4&#8243; module_alignment=&#8221;right&#8221; custom_margin=&#8221;|||&#8221; custom_padding=&#8221;|||&#8221; animation_style=&#8221;slide&#8221; animation_direction=&#8221;bottom&#8221; animation_intensity_slide=&#8221;6%&#8221; animation_starting_opacity=&#8221;100%&#8221; global_colors_info=&#8221;{}&#8221;][\/et_pb_image][\/et_pb_column][\/et_pb_row][\/et_pb_section][et_pb_section fb_built=&#8221;1&#8243; _builder_version=&#8221;4.27.4&#8243; _module_preset=&#8221;default&#8221; global_colors_info=&#8221;{}&#8221;][et_pb_row _builder_version=&#8221;4.27.4&#8243; _module_preset=&#8221;default&#8221; global_colors_info=&#8221;{}&#8221;][et_pb_column type=&#8221;4_4&#8243; _builder_version=&#8221;4.27.4&#8243; _module_preset=&#8221;default&#8221; global_colors_info=&#8221;{}&#8221;][et_pb_gallery gallery_ids=&#8221;3856,3854,3853,3850,3848,3846,3844,3842,3840,3838,3836,3798,3796,3800,3804,3802,3806,3816,3776,3778,3821,3818,3825,3828,3829,3830,3834,3814,3812,3811,3810,3782,3780,3784,3786,3788,3790,3793,3794,3774,3772,3770,3882,3884,3886,3888,3890,3892,3894,3896,3898,3900,3902,3904,3906,3908,3910,3912,3914,3916,3918,3920,3922,3924,3926,3930,3932,3936,3938,3940,3942,3944,3946,3948,3950,3954,3956,3958,3960,3962,3964,3966,3970,3972,3974,3976,3979,3981,3983,3985,3987,3989,3991,3993,3995,3997,3999,4001&#8243; posts_number=&#8221;10000&#8243; orientation=&#8221;portrait&#8221; show_title_and_caption=&#8221;off&#8221; _builder_version=&#8221;4.27.4&#8243; _module_preset=&#8221;default&#8221; global_colors_info=&#8221;{}&#8221;][\/et_pb_gallery][\/et_pb_column][\/et_pb_row][\/et_pb_section]<\/p>\n","protected":false},"excerpt":{"rendered":"<p>Conference: &#8220;Two is better than one&#8221;<br \/>\nMich\u00e8le Laru\u00eb-Charlus (Coordinator and moderator)<\/p>\n","protected":false},"author":3,"featured_media":3679,"parent":2865,"menu_order":1,"comment_status":"closed","ping_status":"closed","template":"","meta":{"_et_pb_use_builder":"on","_et_pb_old_content":"","_et_gb_content_width":"","footnotes":""},"class_list":["post-4070","page","type-page","status-publish","has-post-thumbnail","hentry"],"_links":{"self":[{"href":"https:\/\/lezigno.org\/en\/wp-json\/wp\/v2\/pages\/4070","targetHints":{"allow":["GET"]}}],"collection":[{"href":"https:\/\/lezigno.org\/en\/wp-json\/wp\/v2\/pages"}],"about":[{"href":"https:\/\/lezigno.org\/en\/wp-json\/wp\/v2\/types\/page"}],"author":[{"embeddable":true,"href":"https:\/\/lezigno.org\/en\/wp-json\/wp\/v2\/users\/3"}],"replies":[{"embeddable":true,"href":"https:\/\/lezigno.org\/en\/wp-json\/wp\/v2\/comments?post=4070"}],"version-history":[{"count":5,"href":"https:\/\/lezigno.org\/en\/wp-json\/wp\/v2\/pages\/4070\/revisions"}],"predecessor-version":[{"id":4080,"href":"https:\/\/lezigno.org\/en\/wp-json\/wp\/v2\/pages\/4070\/revisions\/4080"}],"up":[{"embeddable":true,"href":"https:\/\/lezigno.org\/en\/wp-json\/wp\/v2\/pages\/2865"}],"wp:featuredmedia":[{"embeddable":true,"href":"https:\/\/lezigno.org\/en\/wp-json\/wp\/v2\/media\/3679"}],"wp:attachment":[{"href":"https:\/\/lezigno.org\/en\/wp-json\/wp\/v2\/media?parent=4070"}],"curies":[{"name":"wp","href":"https:\/\/api.w.org\/{rel}","templated":true}]}}