{"id":2869,"date":"2023-05-23T17:37:12","date_gmt":"2023-05-23T15:37:12","guid":{"rendered":"https:\/\/lezigno.org\/?page_id=2869"},"modified":"2023-07-19T14:48:14","modified_gmt":"2023-07-19T12:48:14","slug":"hc12-2019","status":"publish","type":"page","link":"https:\/\/lezigno.org\/en\/heureuses-coincidences\/hc12-2019\/","title":{"rendered":"S12 (2019)"},"content":{"rendered":"<p>[et_pb_section fb_built=&#8221;1&#8243; admin_label=&#8221;Hero&#8221; _builder_version=&#8221;4.20.2&#8243; background_color=&#8221;#D9E506&#8243; background_image=&#8221;\/wp-content\/uploads\/2023\/03\/LEZIGNO-background-patternbis.png&#8221; custom_padding=&#8221;67px|0px|67.1875px|0px|false|false&#8221; animation_style=&#8221;zoom&#8221; animation_intensity_zoom=&#8221;4%&#8221; collapsed=&#8221;off&#8221; global_colors_info=&#8221;{}&#8221;][et_pb_row _builder_version=&#8221;4.20.2&#8243; max_width=&#8221;80%&#8221; custom_padding=&#8221;|||&#8221; animation_style=&#8221;slide&#8221; animation_direction=&#8221;top&#8221; animation_intensity_slide=&#8221;3%&#8221; collapsed=&#8221;off&#8221; global_colors_info=&#8221;{}&#8221;][et_pb_column type=&#8221;4_4&#8243; _builder_version=&#8221;4.16&#8243; custom_padding=&#8221;|||&#8221; global_colors_info=&#8221;{}&#8221; custom_padding__hover=&#8221;|||&#8221;][et_pb_text admin_label=&#8221;Texte&#8221; _builder_version=&#8221;4.20.4&#8243; _dynamic_attributes=&#8221;content&#8221; text_font=&#8221;Montserrat||||||||&#8221; header_font=&#8221;Montserrat|700||on|||||&#8221; header_text_color=&#8221;#f7f7f7&#8243; header_font_size=&#8221;60px&#8221; header_line_height=&#8221;1.3em&#8221; custom_margin=&#8221;|||&#8221; animation_style=&#8221;fade&#8221; header_font_size_last_edited=&#8221;off|desktop&#8221; custom_css_before=&#8221;content:&#8221;;||position:absolute;||left:0;||bottom:0;||height:6px;||width:60px;||background:#fff;&#8221; locked=&#8221;off&#8221; global_colors_info=&#8221;{}&#8221;]@ET-DC@eyJkeW5hbWljIjp0cnVlLCJjb250ZW50IjoicG9zdF90aXRsZSIsInNldHRpbmdzIjp7ImJlZm9yZSI6IjxoMT4iLCJhZnRlciI6IiJ9fQ==@[\/et_pb_text][\/et_pb_column][\/et_pb_row][\/et_pb_section][et_pb_section fb_built=&#8221;1&#8243; admin_label=&#8221;Section en-t\u00eate&#8221; _builder_version=&#8221;4.16&#8243; custom_margin=&#8221;|||&#8221; custom_padding=&#8221;110px||30px|&#8221; collapsed=&#8221;off&#8221; global_colors_info=&#8221;{}&#8221;][et_pb_row column_structure=&#8221;1_3,1_3,1_3&#8243; admin_label=&#8221;En-t\u00eate&#8221; _builder_version=&#8221;4.20.2&#8243; max_width=&#8221;80%&#8221; animation_style=&#8221;fade&#8221; global_colors_info=&#8221;{}&#8221;][et_pb_column type=&#8221;1_3&#8243; _builder_version=&#8221;4.16&#8243; custom_padding=&#8221;|||&#8221; global_colors_info=&#8221;{}&#8221; custom_padding__hover=&#8221;|||&#8221;][et_pb_text admin_label=&#8221;Colloque&#8221; _builder_version=&#8221;4.21.0&#8243; text_font=&#8221;Montserrat||||&#8221; text_text_color=&#8221;#353740&#8243; text_font_size=&#8221;18px&#8221; header_font=&#8221;||||||||&#8221; header_2_font=&#8221;|700|||||||&#8221; header_2_text_color=&#8221;#D9E506&#8243; header_2_font_size=&#8221;22px&#8221; header_4_font=&#8221;Montserrat|700|||||||&#8221; header_4_text_color=&#8221;#D9E506&#8243; header_4_font_size=&#8221;22px&#8221; custom_margin=&#8221;||60px|&#8221; animation_style=&#8221;fade&#8221; locked=&#8221;off&#8221; global_colors_info=&#8221;{}&#8221;]<\/p>\n<h2>Conference<\/h2>\n<p>&#8220;Long live (and living) water&#8221;<\/p>\n<p>[\/et_pb_text][et_pb_text _builder_version=&#8221;4.21.0&#8243; text_font=&#8221;Montserrat||||&#8221; text_text_color=&#8221;#747d88&#8243; text_font_size=&#8221;20px&#8221; text_line_height=&#8221;1.8em&#8221; animation_style=&#8221;flip&#8221; animation_intensity_flip=&#8221;20%&#8221; global_colors_info=&#8221;{}&#8221;]<\/p>\n<p style=\"text-align: center;\"><a href=\"\/wp-content\/uploads\/2023\/05\/Lezigno_HC12_Livret_web.pdf\"><strong>Download<\/strong><\/a> the booklet by clicking on the image below.<\/p>\n<p>[\/et_pb_text][et_pb_image src=&#8221;\/wp-content\/uploads\/2023\/05\/HC12_Livret.jpg&#8221; alt=&#8221;Lezigno &#8211; heureuse coincidence 6 2011&#8243; title_text=&#8221;HC12_Livret&#8221; url=&#8221;\/wp-content\/uploads\/2023\/05\/Lezigno_HC12_Livret_web.pdf&#8221; align=&#8221;center&#8221; _builder_version=&#8221;4.20.4&#8243; _module_preset=&#8221;default&#8221; global_colors_info=&#8221;{}&#8221;][\/et_pb_image][\/et_pb_column][et_pb_column type=&#8221;1_3&#8243; _builder_version=&#8221;4.16&#8243; custom_padding=&#8221;|||&#8221; global_colors_info=&#8221;{}&#8221; custom_padding__hover=&#8221;|||&#8221;][et_pb_text admin_label=&#8221;Intervenants&#8221; _builder_version=&#8221;4.21.0&#8243; text_font=&#8221;Montserrat||||&#8221; text_text_color=&#8221;#353740&#8243; text_font_size=&#8221;18px&#8221; header_font=&#8221;Montserrat|700|||||||&#8221; header_text_color=&#8221;#D9E506&#8243; header_font_size=&#8221;22px&#8221; header_2_font=&#8221;Montserrat|700|||||||&#8221; header_2_text_color=&#8221;#D9E506&#8243; header_2_font_size=&#8221;22px&#8221; header_4_font=&#8221;Montserrat|700|||||||&#8221; header_4_text_color=&#8221;#D9E506&#8243; header_4_font_size=&#8221;22px&#8221; animation_style=&#8221;flip&#8221; animation_intensity_flip=&#8221;20%&#8221; global_colors_info=&#8221;{}&#8221;]<\/p>\n<h2>Speakers:<\/h2>\n<p>Joan Busquets, BAU<\/p>\n<p>Robert Crauste, Mayor of the City of Grau-Du-Roi<\/p>\n<p>Vincent Delorme, Territoire 30<\/p>\n<p>Nicolas Land, MVRDV<\/p>\n<p>Fran\u00e7ois Leclercq, LECLERCQ &amp; Associ\u00e9s<\/p>\n<p>Lo\u00efc Mar\u00e9schal, PHYTOLAB<\/p>\n<p>Fran\u00e7ois Migeon, 8&#8217;18&#8221;<\/p>\n<p>Sylvain Pioch, CEFE \/ Paul Val\u00e9ry University<\/p>\n<p>Eric-Jan Pleijster, LOLA Lanscape<\/p>\n<p><em>Hermine Bertrand, independent architect (moderator)<\/em><\/p>\n<p><em>Hubert Vialatte, freelance journalist (moderator)<\/em><\/p>\n<p>[\/et_pb_text][\/et_pb_column][et_pb_column type=&#8221;1_3&#8243; _builder_version=&#8221;4.16&#8243; custom_padding=&#8221;|||&#8221; global_colors_info=&#8221;{}&#8221; custom_padding__hover=&#8221;|||&#8221;][et_pb_text admin_label=&#8221;Artistes&#8221; _builder_version=&#8221;4.21.0&#8243; text_font=&#8221;Montserrat||||&#8221; text_text_color=&#8221;#857D14&#8243; text_font_size=&#8221;18px&#8221; header_font=&#8221;||||||||&#8221; header_text_color=&#8221;#D9E506&#8243; header_2_font=&#8221;Montserrat|700|||||||&#8221; header_2_text_color=&#8221;#D9E506&#8243; header_2_font_size=&#8221;22px&#8221; header_4_font=&#8221;Montserrat|700|||||||&#8221; header_4_text_color=&#8221;#D9E506&#8243; header_4_font_size=&#8221;22px&#8221; custom_margin=&#8221;||60px|&#8221; animation_style=&#8221;fade&#8221; locked=&#8221;off&#8221; global_colors_info=&#8221;{}&#8221;]<\/p>\n<h2>Guest artist<\/h2>\n<p>Io Burgard, Sculptor &#8211; <em>\u00ab D\u00e9ployer la vague \u00bb<\/em> and<br \/><em>\u00ab \u00c0 la lumi\u00e8re des confidences \u00bb<\/em><\/p>\n<p>[\/et_pb_text][\/et_pb_column][\/et_pb_row][\/et_pb_section][et_pb_section fb_built=&#8221;1&#8243; admin_label=&#8221;Section artiste&#8221; _builder_version=&#8221;4.16&#8243; background_color=&#8221;#f7f7f7&#8243; custom_padding=&#8221;0px||0px|&#8221; box_shadow_style=&#8221;preset7&#8243; box_shadow_horizontal=&#8221;0px&#8221; box_shadow_vertical=&#8221;100px&#8221; box_shadow_color=&#8221;#ffffff&#8221; global_colors_info=&#8221;{}&#8221;][et_pb_row column_structure=&#8221;1_2,1_2&#8243; use_custom_gutter=&#8221;on&#8221; gutter_width=&#8221;1&#8243; admin_label=&#8221;artiste&#8221; module_class=&#8221; et_pb_row_fullwidth&#8221; _builder_version=&#8221;4.16&#8243; width=&#8221;100%&#8221; width_tablet=&#8221;100%&#8221; width_phone=&#8221;100%&#8221; width_last_edited=&#8221;on|desktop&#8221; max_width=&#8221;100%&#8221; max_width_tablet=&#8221;100%&#8221; max_width_phone=&#8221;100%&#8221; max_width_last_edited=&#8221;on|desktop&#8221; custom_margin=&#8221;|||&#8221; custom_padding=&#8221;0px|||&#8221; make_fullwidth=&#8221;on&#8221; global_colors_info=&#8221;{}&#8221;][et_pb_column type=&#8221;1_2&#8243; _builder_version=&#8221;4.16&#8243; custom_padding=&#8221;200px|10%||10%&#8221; global_colors_info=&#8221;{}&#8221; custom_padding__hover=&#8221;|||&#8221;][et_pb_text admin_label=&#8221;Nom de l&#8217;oeuvre&#8221; _builder_version=&#8221;4.20.4&#8243; text_font=&#8221;Montserrat||||||||&#8221; text_text_color=&#8221;#747d88&#8243; text_font_size=&#8221;16px&#8221; text_line_height=&#8221;1.9em&#8221; header_font=&#8221;||||||||&#8221; header_text_align=&#8221;left&#8221; header_2_font=&#8221;Montserrat|700||on|||||&#8221; header_2_font_size=&#8221;42px&#8221; header_2_line_height=&#8221;1.3em&#8221; max_width=&#8221;700px&#8221; module_alignment=&#8221;left&#8221; custom_margin=&#8221;||30px|&#8221; animation_style=&#8221;slide&#8221; animation_direction=&#8221;bottom&#8221; animation_intensity_slide=&#8221;4%&#8221; locked=&#8221;off&#8221; global_colors_info=&#8221;{}&#8221;]<\/p>\n<h2>D\u00e9ployer la Vague &amp; A la lumi\u00e8re des confidences<\/h2>\n<p>[\/et_pb_text][et_pb_text admin_label=&#8221;Nom artiste&#8221; _builder_version=&#8221;4.20.4&#8243; text_font=&#8221;Montserrat||||||||&#8221; text_text_color=&#8221;#747d88&#8243; text_font_size=&#8221;16px&#8221; text_line_height=&#8221;1.9em&#8221; header_font=&#8221;||||||||&#8221; header_text_align=&#8221;left&#8221; header_2_font=&#8221;Montserrat|700||on|||||&#8221; header_2_font_size=&#8221;42px&#8221; header_2_line_height=&#8221;1.3em&#8221; max_width=&#8221;700px&#8221; module_alignment=&#8221;left&#8221; custom_margin=&#8221;||30px|&#8221; animation_style=&#8221;slide&#8221; animation_direction=&#8221;bottom&#8221; animation_intensity_slide=&#8221;4%&#8221; locked=&#8221;off&#8221; global_colors_info=&#8221;{}&#8221;]<\/p>\n<h4>Io Burgard<\/h4>\n<p>[\/et_pb_text][et_pb_text _builder_version=&#8221;4.21.0&#8243; _module_preset=&#8221;default&#8221; global_colors_info=&#8221;{}&#8221;]<\/p>\n<p>Designed by Io Burgard at the invitation of Agn\u00e8s Jullian for L\u00e9zigno, &#8220;D\u00e9ployer la vague&#8221; and &#8220;A la lumi\u00e8re des confidences&#8221;, based on the principle of public benches, offer a place to sit, to rest, a time to wait, an invitation to seize public space.<\/p>\n<p>[\/et_pb_text][\/et_pb_column][et_pb_column type=&#8221;1_2&#8243; _builder_version=&#8221;4.16&#8243; custom_padding=&#8221;0px|||&#8221; global_colors_info=&#8221;{}&#8221; custom_padding__hover=&#8221;|||&#8221;][et_pb_image src=&#8221;\/wp-content\/uploads\/2023\/05\/HC12_Io-Burgard-Deployer-la-vague.png&#8221; alt=&#8221;association lezigno beziers heureuse coincidence le seuil des villes&#8221; title_text=&#8221;HC12_Io-Burgard-D\u00e9ployer-la-vague&#8221; align_tablet=&#8221;center&#8221; align_phone=&#8221;center&#8221; align_last_edited=&#8221;on|desktop&#8221; _builder_version=&#8221;4.20.4&#8243; module_alignment=&#8221;right&#8221; custom_margin=&#8221;|||&#8221; custom_padding=&#8221;|||&#8221; animation_style=&#8221;slide&#8221; animation_direction=&#8221;bottom&#8221; animation_intensity_slide=&#8221;6%&#8221; animation_starting_opacity=&#8221;100%&#8221; global_colors_info=&#8221;{}&#8221;][\/et_pb_image][\/et_pb_column][\/et_pb_row][\/et_pb_section][et_pb_section fb_built=&#8221;1&#8243; admin_label=&#8221;Section Galerie&#8221; _builder_version=&#8221;4.20.0&#8243; _module_preset=&#8221;default&#8221; global_colors_info=&#8221;{}&#8221;][et_pb_row admin_label=&#8221;Galerie Photo&#8221; _builder_version=&#8221;4.20.0&#8243; _module_preset=&#8221;default&#8221; max_width=&#8221;80%&#8221; global_colors_info=&#8221;{}&#8221;][et_pb_column type=&#8221;4_4&#8243; _builder_version=&#8221;4.20.0&#8243; _module_preset=&#8221;default&#8221; global_colors_info=&#8221;{}&#8221;][et_pb_gallery gallery_ids=&#8221;2037,2041,2039,2034,2028,2024,2022,2020&#8243; posts_number=&#8221;10000&#8243; show_title_and_caption=&#8221;off&#8221; zoom_icon_color=&#8221;#D9E506&#8243; hover_icon=&#8221;&#x54;||divi||400&#8243; _builder_version=&#8221;4.20.4&#8243; _module_preset=&#8221;default&#8221; global_colors_info=&#8221;{}&#8221;][\/et_pb_gallery][\/et_pb_column][\/et_pb_row][\/et_pb_section][et_pb_section fb_built=&#8221;1&#8243; disabled_on=&#8221;on|on|on&#8221; admin_label=&#8221;Video Section&#8221; _builder_version=&#8221;4.20.4&#8243; use_background_color_gradient=&#8221;on&#8221; background_color_gradient_stops=&#8221;#d9e506 30%|#ffffff 30%&#8221; background_color_gradient_start=&#8221;#fcd21d&#8221; background_color_gradient_start_position=&#8221;30%&#8221; background_color_gradient_end=&#8221;#ffffff&#8221; background_color_gradient_end_position=&#8221;30%&#8221; custom_padding=&#8221;0px||110px|&#8221; disabled=&#8221;on&#8221; global_colors_info=&#8221;{}&#8221;][et_pb_row admin_label=&#8221;Video&#8221; _builder_version=&#8221;4.16&#8243; custom_padding=&#8221;0px|0px|0px|0px&#8221; animation_style=&#8221;slide&#8221; animation_direction=&#8221;top&#8221; animation_intensity_slide=&#8221;4%&#8221; animation_starting_opacity=&#8221;100%&#8221; box_shadow_style=&#8221;preset1&#8243; box_shadow_blur=&#8221;77px&#8221; locked=&#8221;off&#8221; global_colors_info=&#8221;{}&#8221;][et_pb_column type=&#8221;4_4&#8243; _builder_version=&#8221;4.16&#8243; custom_padding=&#8221;|||&#8221; global_colors_info=&#8221;{}&#8221; custom_padding__hover=&#8221;|||&#8221;][et_pb_video src=&#8221;https:\/\/www.youtube.com\/watch?v=1ALjCZkKuUM&#8221; image_src=&#8221;\/wp-content\/uploads\/2023\/03\/home-office-01.jpg&#8221; _builder_version=&#8221;4.16&#8243; animation_direction=&#8221;bottom&#8221; box_shadow_style=&#8221;preset5&#8243; box_shadow_vertical=&#8221;0px&#8221; box_shadow_spread=&#8221;20px&#8221; box_shadow_color=&#8221;#ffffff&#8221; global_colors_info=&#8221;{}&#8221;][\/et_pb_video][\/et_pb_column][\/et_pb_row][\/et_pb_section]<\/p>\n","protected":false},"excerpt":{"rendered":"<p>Colloque : &#8220;Viv(r)e l&#8217;eau&#8221;<\/p>\n<p>Intervenants :<\/p>\n<p>Fran\u00e7ois Leclercq, LECLERCQ &#038; Associ\u00e9s<\/p>\n<p>Lo\u00efc Mar\u00e9schal, PHYTOLAB<\/p>\n<p>Nicolas Land, MVRDV<\/p>\n<p>Joan Busquets, BAU<\/p>\n<p>Robert Crauste, Maire de la Ville du Grau-Du-Roi<\/p>\n<p>Vincent Delorme, Territoire 30<\/p>\n<p>Fran\u00e7ois Migeon, 8&#8217;18&#8221;<\/p>\n<p>Sylvain Pioch, CEFE \/ Universit\u00e9 Paul Val\u00e9ry<\/p>\n<p>Eric-Jan Pleijster, LOLA Lanscape<br \/>\nHermine Bertrand, architecte ind\u00e9pendante (mod\u00e9ratrice)<\/p>\n<p>Hubert Vialatte, journaliste ind\u00e9pendant (mod\u00e9rateur)<\/p>\n<p>Artiste invit\u00e9e :<\/p>\n<p>Io Burgard &#8211; \u00ab D\u00e9ployer la vague \u00bb et \u00ab A la lumi\u00e8re des confidences \u00bb<\/p>\n","protected":false},"author":3,"featured_media":0,"parent":2865,"menu_order":4,"comment_status":"closed","ping_status":"closed","template":"","meta":{"_et_pb_use_builder":"on","_et_pb_old_content":"<p><strong>Colloque :<\/strong> \"Illuminer, lumi\u00e8re et espace public\"<\/p><p><strong>Intervenants :<\/strong><\/p><p>Yves ADRIEN, Coup d\u2019\u00c9clat<br \/>Madeleine CHICHE, Groupe Dunes<\/p><p>Didier FIUZA FAUSTINO, FIUZA FAUSTINO Architecte<\/p><p>Eulalia GONZALES MASCLANS, Varis Arquitectes<\/p><p>Rudy RICCIOTTI, Agence Rudy Ricciotti<\/p><p>Patrick ROUSSIES, Vice-pr\u00e9sident agglom\u00e9ration de Valenciennes<\/p><p>Henri RIVIERE, MOATTI & RIVIERE<\/p><p>Herv\u00e9 SCHIAVETTI, Maire d\u2019Arles<br \/>Paul ARDENNE, Journaliste, essayiste (mod\u00e9rateur)<\/p><p><strong>Artistes invit\u00e9s :<\/strong><\/p><p>Eric Samakh - Harmoniques solaires<\/p>","_et_gb_content_width":"","footnotes":""},"class_list":["post-2869","page","type-page","status-publish","hentry"],"_links":{"self":[{"href":"https:\/\/lezigno.org\/en\/wp-json\/wp\/v2\/pages\/2869","targetHints":{"allow":["GET"]}}],"collection":[{"href":"https:\/\/lezigno.org\/en\/wp-json\/wp\/v2\/pages"}],"about":[{"href":"https:\/\/lezigno.org\/en\/wp-json\/wp\/v2\/types\/page"}],"author":[{"embeddable":true,"href":"https:\/\/lezigno.org\/en\/wp-json\/wp\/v2\/users\/3"}],"replies":[{"embeddable":true,"href":"https:\/\/lezigno.org\/en\/wp-json\/wp\/v2\/comments?post=2869"}],"version-history":[{"count":4,"href":"https:\/\/lezigno.org\/en\/wp-json\/wp\/v2\/pages\/2869\/revisions"}],"predecessor-version":[{"id":3085,"href":"https:\/\/lezigno.org\/en\/wp-json\/wp\/v2\/pages\/2869\/revisions\/3085"}],"up":[{"embeddable":true,"href":"https:\/\/lezigno.org\/en\/wp-json\/wp\/v2\/pages\/2865"}],"wp:attachment":[{"href":"https:\/\/lezigno.org\/en\/wp-json\/wp\/v2\/media?parent=2869"}],"curies":[{"name":"wp","href":"https:\/\/api.w.org\/{rel}","templated":true}]}}